{"id":1398,"date":"2026-03-17T08:53:39","date_gmt":"2026-03-17T07:53:39","guid":{"rendered":"https:\/\/www.wallhalla.se\/?page_id=1398"},"modified":"2026-04-26T08:46:20","modified_gmt":"2026-04-26T06:46:20","slug":"rakna-ut-ditt-pris-med-var-kalkylator","status":"publish","type":"page","link":"https:\/\/www.wallhalla.se\/de\/rakna-ut-ditt-pris-med-var-kalkylator\/","title":{"rendered":"R\u00e4kna ut ditt pris med v\u00e5r kalkylator"},"content":{"rendered":"","protected":false},"excerpt":{"rendered":"<p>R\u00e4kna ut priset f\u00f6r din vistelse p\u00e5 Wallhalla i V\u00e4nnfors. V\u00e4lj boende, n\u00e4tter och tillval och se direkt vad det kan kosta.<\/p>","protected":false},"author":1,"featured_media":0,"parent":0,"menu_order":0,"comment_status":"closed","ping_status":"closed","template":"","meta":{"_acf_changed":false,"_cloudinary_featured_overwrite":false,"footnotes":""},"class_list":["post-1398","page","type-page","status-publish","hentry"],"acf":[],"_links":{"self":[{"href":"https:\/\/www.wallhalla.se\/de\/wp-json\/wp\/v2\/pages\/1398","targetHints":{"allow":["GET"]}}],"collection":[{"href":"https:\/\/www.wallhalla.se\/de\/wp-json\/wp\/v2\/pages"}],"about":[{"href":"https:\/\/www.wallhalla.se\/de\/wp-json\/wp\/v2\/types\/page"}],"author":[{"embeddable":true,"href":"https:\/\/www.wallhalla.se\/de\/wp-json\/wp\/v2\/users\/1"}],"replies":[{"embeddable":true,"href":"https:\/\/www.wallhalla.se\/de\/wp-json\/wp\/v2\/comments?post=1398"}],"version-history":[{"count":100,"href":"https:\/\/www.wallhalla.se\/de\/wp-json\/wp\/v2\/pages\/1398\/revisions"}],"predecessor-version":[{"id":10005,"href":"https:\/\/www.wallhalla.se\/de\/wp-json\/wp\/v2\/pages\/1398\/revisions\/10005"}],"wp:attachment":[{"href":"https:\/\/www.wallhalla.se\/de\/wp-json\/wp\/v2\/media?parent=1398"}],"curies":[{"name":"wp","href":"https:\/\/api.w.org\/{rel}","templated":true}]}}