{"id":4367,"date":"2026-01-24T15:47:48","date_gmt":"2026-01-24T14:47:48","guid":{"rendered":"https:\/\/www.wallhalla.se\/?page_id=4367"},"modified":"2026-04-16T15:25:10","modified_gmt":"2026-04-16T13:25:10","slug":"upplevelser","status":"publish","type":"page","link":"https:\/\/www.wallhalla.se\/de\/upplevelser\/","title":{"rendered":"Erlebnisse in der N\u00e4he von Wallhalla in V\u00e4nnfors"},"content":{"rendered":"","protected":false},"excerpt":{"rendered":"<p>Uppt\u00e4ck aktiviteter n\u00e4ra Wallhalla i V\u00e4nnfors, fr\u00e5n vandring och djurliv till forsr\u00e4nning och utflykter l\u00e4ngs Vindel\u00e4lven.<\/p>","protected":false},"author":1,"featured_media":8403,"parent":0,"menu_order":0,"comment_status":"closed","ping_status":"closed","template":"","meta":{"_acf_changed":false,"_cloudinary_featured_overwrite":false,"footnotes":""},"class_list":["post-4367","page","type-page","status-publish","has-post-thumbnail","hentry"],"acf":[],"_links":{"self":[{"href":"https:\/\/www.wallhalla.se\/de\/wp-json\/wp\/v2\/pages\/4367","targetHints":{"allow":["GET"]}}],"collection":[{"href":"https:\/\/www.wallhalla.se\/de\/wp-json\/wp\/v2\/pages"}],"about":[{"href":"https:\/\/www.wallhalla.se\/de\/wp-json\/wp\/v2\/types\/page"}],"author":[{"embeddable":true,"href":"https:\/\/www.wallhalla.se\/de\/wp-json\/wp\/v2\/users\/1"}],"replies":[{"embeddable":true,"href":"https:\/\/www.wallhalla.se\/de\/wp-json\/wp\/v2\/comments?post=4367"}],"version-history":[{"count":100,"href":"https:\/\/www.wallhalla.se\/de\/wp-json\/wp\/v2\/pages\/4367\/revisions"}],"predecessor-version":[{"id":9661,"href":"https:\/\/www.wallhalla.se\/de\/wp-json\/wp\/v2\/pages\/4367\/revisions\/9661"}],"wp:featuredmedia":[{"embeddable":true,"href":"https:\/\/www.wallhalla.se\/de\/wp-json\/wp\/v2\/media\/8403"}],"wp:attachment":[{"href":"https:\/\/www.wallhalla.se\/de\/wp-json\/wp\/v2\/media?parent=4367"}],"curies":[{"name":"wp","href":"https:\/\/api.w.org\/{rel}","templated":true}]}}