{"id":96,"date":"2025-11-12T15:15:22","date_gmt":"2025-11-12T14:15:22","guid":{"rendered":"https:\/\/www.wallhalla.se\/?page_id=96"},"modified":"2026-04-21T07:46:32","modified_gmt":"2026-04-21T05:46:32","slug":"hem","status":"publish","type":"page","link":"https:\/\/www.wallhalla.se\/de\/","title":{"rendered":"Startseite"},"content":{"rendered":"","protected":false},"excerpt":{"rendered":"<p>Wallhalla Bed &#038; Breakfast ligger i V\u00e4nnfors i V\u00e4sterbotten, cirka 30 minuter fr\u00e5n Ume\u00e5. Ett personligt boende n\u00e4ra skog och natur.<\/p>","protected":false},"author":1,"featured_media":0,"parent":0,"menu_order":1,"comment_status":"closed","ping_status":"closed","template":"","meta":{"_acf_changed":false,"_cloudinary_featured_overwrite":false,"footnotes":""},"class_list":["post-96","page","type-page","status-publish","hentry"],"acf":[],"_links":{"self":[{"href":"https:\/\/www.wallhalla.se\/de\/wp-json\/wp\/v2\/pages\/96","targetHints":{"allow":["GET"]}}],"collection":[{"href":"https:\/\/www.wallhalla.se\/de\/wp-json\/wp\/v2\/pages"}],"about":[{"href":"https:\/\/www.wallhalla.se\/de\/wp-json\/wp\/v2\/types\/page"}],"author":[{"embeddable":true,"href":"https:\/\/www.wallhalla.se\/de\/wp-json\/wp\/v2\/users\/1"}],"replies":[{"embeddable":true,"href":"https:\/\/www.wallhalla.se\/de\/wp-json\/wp\/v2\/comments?post=96"}],"version-history":[{"count":99,"href":"https:\/\/www.wallhalla.se\/de\/wp-json\/wp\/v2\/pages\/96\/revisions"}],"predecessor-version":[{"id":9890,"href":"https:\/\/www.wallhalla.se\/de\/wp-json\/wp\/v2\/pages\/96\/revisions\/9890"}],"wp:attachment":[{"href":"https:\/\/www.wallhalla.se\/de\/wp-json\/wp\/v2\/media?parent=96"}],"curies":[{"name":"wp","href":"https:\/\/api.w.org\/{rel}","templated":true}]}}