{"id":981,"date":"2025-11-12T15:11:38","date_gmt":"2025-11-12T14:11:38","guid":{"rendered":"https:\/\/www.wallhalla.se\/?page_id=981"},"modified":"2026-04-19T18:22:13","modified_gmt":"2026-04-19T16:22:13","slug":"mina","status":"publish","type":"page","link":"https:\/\/www.wallhalla.se\/de\/bo-pa-wallhalla\/mina\/","title":{"rendered":"Mina Familienzimmer"},"content":{"rendered":"","protected":false},"excerpt":{"rendered":"<p>Rymligt rum f\u00f6r tv\u00e5 vuxna och ett barn, med utsikt \u00f6ver tr\u00e4dg\u00e5rdslandet.<\/p>","protected":false},"author":1,"featured_media":2037,"parent":282,"menu_order":4,"comment_status":"closed","ping_status":"closed","template":"","meta":{"_acf_changed":false,"_cloudinary_featured_overwrite":false,"footnotes":""},"class_list":["post-981","page","type-page","status-publish","has-post-thumbnail","hentry"],"acf":[],"_links":{"self":[{"href":"https:\/\/www.wallhalla.se\/de\/wp-json\/wp\/v2\/pages\/981","targetHints":{"allow":["GET"]}}],"collection":[{"href":"https:\/\/www.wallhalla.se\/de\/wp-json\/wp\/v2\/pages"}],"about":[{"href":"https:\/\/www.wallhalla.se\/de\/wp-json\/wp\/v2\/types\/page"}],"author":[{"embeddable":true,"href":"https:\/\/www.wallhalla.se\/de\/wp-json\/wp\/v2\/users\/1"}],"replies":[{"embeddable":true,"href":"https:\/\/www.wallhalla.se\/de\/wp-json\/wp\/v2\/comments?post=981"}],"version-history":[{"count":64,"href":"https:\/\/www.wallhalla.se\/de\/wp-json\/wp\/v2\/pages\/981\/revisions"}],"predecessor-version":[{"id":9771,"href":"https:\/\/www.wallhalla.se\/de\/wp-json\/wp\/v2\/pages\/981\/revisions\/9771"}],"up":[{"embeddable":true,"href":"https:\/\/www.wallhalla.se\/de\/wp-json\/wp\/v2\/pages\/282"}],"wp:featuredmedia":[{"embeddable":true,"href":"https:\/\/www.wallhalla.se\/de\/wp-json\/wp\/v2\/media\/2037"}],"wp:attachment":[{"href":"https:\/\/www.wallhalla.se\/de\/wp-json\/wp\/v2\/media?parent=981"}],"curies":[{"name":"wp","href":"https:\/\/api.w.org\/{rel}","templated":true}]}}