{"id":1841,"date":"2025-11-29T16:48:04","date_gmt":"2025-11-29T15:48:04","guid":{"rendered":"https:\/\/www.wallhalla.se\/?page_id=1841"},"modified":"2026-04-21T09:53:28","modified_gmt":"2026-04-21T07:53:28","slug":"om-oss","status":"publish","type":"page","link":"https:\/\/www.wallhalla.se\/en\/om-oss\/","title":{"rendered":"About us"},"content":{"rendered":"","protected":false},"excerpt":{"rendered":"<p>Here goes the exceprta \u00f1slkdfn \u00f1aslkd aosdn f\u00e1sdknl<\/p>","protected":false},"author":1,"featured_media":68,"parent":0,"menu_order":3,"comment_status":"closed","ping_status":"closed","template":"","meta":{"_acf_changed":false,"_cloudinary_featured_overwrite":false,"footnotes":""},"class_list":["post-1841","page","type-page","status-publish","has-post-thumbnail","hentry"],"acf":[],"_links":{"self":[{"href":"https:\/\/www.wallhalla.se\/en\/wp-json\/wp\/v2\/pages\/1841","targetHints":{"allow":["GET"]}}],"collection":[{"href":"https:\/\/www.wallhalla.se\/en\/wp-json\/wp\/v2\/pages"}],"about":[{"href":"https:\/\/www.wallhalla.se\/en\/wp-json\/wp\/v2\/types\/page"}],"author":[{"embeddable":true,"href":"https:\/\/www.wallhalla.se\/en\/wp-json\/wp\/v2\/users\/1"}],"replies":[{"embeddable":true,"href":"https:\/\/www.wallhalla.se\/en\/wp-json\/wp\/v2\/comments?post=1841"}],"version-history":[{"count":99,"href":"https:\/\/www.wallhalla.se\/en\/wp-json\/wp\/v2\/pages\/1841\/revisions"}],"predecessor-version":[{"id":9968,"href":"https:\/\/www.wallhalla.se\/en\/wp-json\/wp\/v2\/pages\/1841\/revisions\/9968"}],"wp:featuredmedia":[{"embeddable":true,"href":"https:\/\/www.wallhalla.se\/en\/wp-json\/wp\/v2\/media\/68"}],"wp:attachment":[{"href":"https:\/\/www.wallhalla.se\/en\/wp-json\/wp\/v2\/media?parent=1841"}],"curies":[{"name":"wp","href":"https:\/\/api.w.org\/{rel}","templated":true}]}}