{"id":282,"date":"2025-10-29T21:19:49","date_gmt":"2025-10-29T20:19:49","guid":{"rendered":"https:\/\/www.wallhalla.se\/?page_id=282"},"modified":"2026-04-21T12:48:12","modified_gmt":"2026-04-21T10:48:12","slug":"bo-pa-wallhalla","status":"publish","type":"page","link":"https:\/\/www.wallhalla.se\/en\/bo-pa-wallhalla\/","title":{"rendered":"Stay at Wallhalla"},"content":{"rendered":"","protected":false},"excerpt":{"rendered":"<p>Here goes the exceprta \u00f1slkdfn \u00f1aslkd aosdn f\u00e1sdknl<\/p>","protected":false},"author":1,"featured_media":6005,"parent":0,"menu_order":3,"comment_status":"closed","ping_status":"closed","template":"","meta":{"_acf_changed":false,"_cloudinary_featured_overwrite":false,"footnotes":""},"class_list":["post-282","page","type-page","status-publish","has-post-thumbnail","hentry"],"acf":[],"_links":{"self":[{"href":"https:\/\/www.wallhalla.se\/en\/wp-json\/wp\/v2\/pages\/282","targetHints":{"allow":["GET"]}}],"collection":[{"href":"https:\/\/www.wallhalla.se\/en\/wp-json\/wp\/v2\/pages"}],"about":[{"href":"https:\/\/www.wallhalla.se\/en\/wp-json\/wp\/v2\/types\/page"}],"author":[{"embeddable":true,"href":"https:\/\/www.wallhalla.se\/en\/wp-json\/wp\/v2\/users\/1"}],"replies":[{"embeddable":true,"href":"https:\/\/www.wallhalla.se\/en\/wp-json\/wp\/v2\/comments?post=282"}],"version-history":[{"count":99,"href":"https:\/\/www.wallhalla.se\/en\/wp-json\/wp\/v2\/pages\/282\/revisions"}],"predecessor-version":[{"id":9979,"href":"https:\/\/www.wallhalla.se\/en\/wp-json\/wp\/v2\/pages\/282\/revisions\/9979"}],"wp:featuredmedia":[{"embeddable":true,"href":"https:\/\/www.wallhalla.se\/en\/wp-json\/wp\/v2\/media\/6005"}],"wp:attachment":[{"href":"https:\/\/www.wallhalla.se\/en\/wp-json\/wp\/v2\/media?parent=282"}],"curies":[{"name":"wp","href":"https:\/\/api.w.org\/{rel}","templated":true}]}}