{"id":490,"date":"2025-10-30T14:35:00","date_gmt":"2025-10-30T13:35:00","guid":{"rendered":"https:\/\/www.wallhalla.se\/?page_id=490"},"modified":"2026-04-18T17:09:06","modified_gmt":"2026-04-18T15:09:06","slug":"albertina","status":"publish","type":"page","link":"https:\/\/www.wallhalla.se\/en\/bo-pa-wallhalla\/albertina\/","title":{"rendered":"Twin room Albertina"},"content":{"rendered":"","protected":false},"excerpt":{"rendered":"<p>Ljust tv\u00e5b\u00e4ddsrum med utsikt \u00f6ver \u00e5krar och skogsbryn.<\/p>","protected":false},"author":1,"featured_media":2036,"parent":282,"menu_order":2,"comment_status":"closed","ping_status":"closed","template":"","meta":{"_acf_changed":false,"_cloudinary_featured_overwrite":false,"footnotes":""},"class_list":["post-490","page","type-page","status-publish","has-post-thumbnail","hentry"],"acf":[],"_links":{"self":[{"href":"https:\/\/www.wallhalla.se\/en\/wp-json\/wp\/v2\/pages\/490","targetHints":{"allow":["GET"]}}],"collection":[{"href":"https:\/\/www.wallhalla.se\/en\/wp-json\/wp\/v2\/pages"}],"about":[{"href":"https:\/\/www.wallhalla.se\/en\/wp-json\/wp\/v2\/types\/page"}],"author":[{"embeddable":true,"href":"https:\/\/www.wallhalla.se\/en\/wp-json\/wp\/v2\/users\/1"}],"replies":[{"embeddable":true,"href":"https:\/\/www.wallhalla.se\/en\/wp-json\/wp\/v2\/comments?post=490"}],"version-history":[{"count":100,"href":"https:\/\/www.wallhalla.se\/en\/wp-json\/wp\/v2\/pages\/490\/revisions"}],"predecessor-version":[{"id":9746,"href":"https:\/\/www.wallhalla.se\/en\/wp-json\/wp\/v2\/pages\/490\/revisions\/9746"}],"up":[{"embeddable":true,"href":"https:\/\/www.wallhalla.se\/en\/wp-json\/wp\/v2\/pages\/282"}],"wp:featuredmedia":[{"embeddable":true,"href":"https:\/\/www.wallhalla.se\/en\/wp-json\/wp\/v2\/media\/2036"}],"wp:attachment":[{"href":"https:\/\/www.wallhalla.se\/en\/wp-json\/wp\/v2\/media?parent=490"}],"curies":[{"name":"wp","href":"https:\/\/api.w.org\/{rel}","templated":true}]}}