{"id":5714,"date":"2026-02-01T13:24:10","date_gmt":"2026-02-01T12:24:10","guid":{"rendered":"https:\/\/www.wallhalla.se\/?page_id=5714"},"modified":"2026-04-21T09:28:13","modified_gmt":"2026-04-21T07:28:13","slug":"paket","status":"publish","type":"page","link":"https:\/\/www.wallhalla.se\/es\/paket\/","title":{"rendered":"parcela"},"content":{"rendered":"","protected":false},"excerpt":{"rendered":"<p>Boka paket eller k\u00f6p presentkort p\u00e5 Wallhalla i V\u00e4nnfors n\u00e4ra Ume\u00e5. Boende, middag, frukost och avkoppling i V\u00e4sterbotten.<\/p>","protected":false},"author":1,"featured_media":0,"parent":0,"menu_order":0,"comment_status":"closed","ping_status":"closed","template":"","meta":{"_acf_changed":false,"_cloudinary_featured_overwrite":false,"footnotes":""},"class_list":["post-5714","page","type-page","status-publish","hentry"],"acf":[],"_links":{"self":[{"href":"https:\/\/www.wallhalla.se\/es\/wp-json\/wp\/v2\/pages\/5714","targetHints":{"allow":["GET"]}}],"collection":[{"href":"https:\/\/www.wallhalla.se\/es\/wp-json\/wp\/v2\/pages"}],"about":[{"href":"https:\/\/www.wallhalla.se\/es\/wp-json\/wp\/v2\/types\/page"}],"author":[{"embeddable":true,"href":"https:\/\/www.wallhalla.se\/es\/wp-json\/wp\/v2\/users\/1"}],"replies":[{"embeddable":true,"href":"https:\/\/www.wallhalla.se\/es\/wp-json\/wp\/v2\/comments?post=5714"}],"version-history":[{"count":100,"href":"https:\/\/www.wallhalla.se\/es\/wp-json\/wp\/v2\/pages\/5714\/revisions"}],"predecessor-version":[{"id":9965,"href":"https:\/\/www.wallhalla.se\/es\/wp-json\/wp\/v2\/pages\/5714\/revisions\/9965"}],"wp:attachment":[{"href":"https:\/\/www.wallhalla.se\/es\/wp-json\/wp\/v2\/media?parent=5714"}],"curies":[{"name":"wp","href":"https:\/\/api.w.org\/{rel}","templated":true}]}}